{"id":1555,"date":"2025-07-30T18:00:36","date_gmt":"2025-07-30T18:00:36","guid":{"rendered":"https:\/\/lenanatravel.com\/?page_id=1555"},"modified":"2025-10-13T12:10:40","modified_gmt":"2025-10-13T12:10:40","slug":"hot-air-balloon","status":"publish","type":"page","link":"https:\/\/lenanatravel.com\/es\/hot-air-balloon\/","title":{"rendered":"Globo De Aire Caliente"},"content":{"rendered":"<div data-elementor-type=\"wp-page\" data-elementor-id=\"1555\" class=\"elementor elementor-1555\" data-elementor-post-type=\"page\">\n\t\t\t\t\t\t<section class=\"elementor-section elementor-top-section elementor-element elementor-element-8911419 elementor-section-boxed elementor-section-height-default elementor-section-height-default\" data-id=\"8911419\" data-element_type=\"section\" data-e-type=\"section\" data-settings=\"{&quot;background_background&quot;:&quot;classic&quot;,&quot;ekit_has_onepagescroll_dot&quot;:&quot;yes&quot;}\">\n\t\t\t\t\t\t\t<div class=\"elementor-background-overlay\"><\/div>\n\t\t\t\t\t\t\t<div class=\"elementor-container elementor-column-gap-default\">\n\t\t\t\t\t<div class=\"elementor-column elementor-col-100 elementor-top-column elementor-element elementor-element-bddeec9\" data-id=\"bddeec9\" data-element_type=\"column\" data-e-type=\"column\">\n\t\t\t<div class=\"elementor-widget-wrap elementor-element-populated\">\n\t\t\t\t\t\t<div class=\"elementor-element elementor-element-e13df7a elementor-widget elementor-widget-theme-post-title elementor-page-title elementor-widget-heading\" data-id=\"e13df7a\" data-element_type=\"widget\" data-e-type=\"widget\" data-settings=\"{&quot;ekit_we_effect_on&quot;:&quot;none&quot;}\" data-widget_type=\"theme-post-title.default\">\n\t\t\t\t\t<h1 class=\"elementor-heading-title elementor-size-default\">Globo De Aire Caliente<\/h1>\t\t\t\t<\/div>\n\t\t\t\t\t<\/div>\n\t\t<\/div>\n\t\t\t\t\t<\/div>\n\t\t<\/section>\n\t\t\t\t<section class=\"elementor-section elementor-top-section elementor-element elementor-element-34b1b84 elementor-reverse-mobile elementor-section-boxed elementor-section-height-default elementor-section-height-default\" data-id=\"34b1b84\" data-element_type=\"section\" data-e-type=\"section\" data-settings=\"{&quot;background_background&quot;:&quot;classic&quot;,&quot;ekit_has_onepagescroll_dot&quot;:&quot;yes&quot;}\">\n\t\t\t\t\t\t\t<div class=\"elementor-background-overlay\"><\/div>\n\t\t\t\t\t\t\t<div class=\"elementor-container elementor-column-gap-default\">\n\t\t\t\t\t<div class=\"elementor-column elementor-col-100 elementor-top-column elementor-element elementor-element-d093842\" data-id=\"d093842\" data-element_type=\"column\" data-e-type=\"column\">\n\t\t\t<div class=\"elementor-widget-wrap elementor-element-populated\">\n\t\t\t\t\t\t<section class=\"elementor-section elementor-inner-section elementor-element elementor-element-2a49921 elementor-section-content-middle elementor-reverse-mobile elementor-section-boxed elementor-section-height-default elementor-section-height-default\" data-id=\"2a49921\" data-element_type=\"section\" data-e-type=\"section\" data-settings=\"{&quot;background_background&quot;:&quot;classic&quot;,&quot;ekit_has_onepagescroll_dot&quot;:&quot;yes&quot;}\">\n\t\t\t\t\t\t<div class=\"elementor-container elementor-column-gap-default\">\n\t\t\t\t\t<div class=\"elementor-column elementor-col-50 elementor-inner-column elementor-element elementor-element-4480813\" data-id=\"4480813\" data-element_type=\"column\" data-e-type=\"column\">\n\t\t\t<div class=\"elementor-widget-wrap elementor-element-populated\">\n\t\t\t\t\t\t<div class=\"elementor-element elementor-element-c245db5 elementor-invisible elementor-widget elementor-widget-image\" data-id=\"c245db5\" data-element_type=\"widget\" data-e-type=\"widget\" data-settings=\"{&quot;_animation&quot;:&quot;fadeInUp&quot;,&quot;ekit_we_effect_on&quot;:&quot;none&quot;}\" data-widget_type=\"image.default\">\n\t\t\t\t\t\t\t\t\t\t\t\t\t\t\t<img fetchpriority=\"high\" decoding=\"async\" width=\"600\" height=\"700\" src=\"https:\/\/lenanatravel.com\/wp-content\/uploads\/2025\/09\/saf-1.png\" class=\"attachment-large size-large wp-image-2648\" alt=\"\" srcset=\"https:\/\/lenanatravel.com\/wp-content\/uploads\/2025\/09\/saf-1.png 600w, https:\/\/lenanatravel.com\/wp-content\/uploads\/2025\/09\/saf-1-257x300.png 257w\" sizes=\"(max-width: 600px) 100vw, 600px\" \/>\t\t\t\t\t\t\t\t\t\t\t\t\t\t\t<\/div>\n\t\t\t\t\t<\/div>\n\t\t<\/div>\n\t\t\t\t<div class=\"elementor-column elementor-col-50 elementor-inner-column elementor-element elementor-element-ef83d8d\" data-id=\"ef83d8d\" data-element_type=\"column\" data-e-type=\"column\">\n\t\t\t<div class=\"elementor-widget-wrap elementor-element-populated\">\n\t\t\t\t\t\t<div class=\"elementor-element elementor-element-f72a7c4 elementor-invisible elementor-widget elementor-widget-text-editor\" data-id=\"f72a7c4\" data-element_type=\"widget\" data-e-type=\"widget\" data-settings=\"{&quot;_animation&quot;:&quot;fadeInUp&quot;,&quot;_animation_delay&quot;:200,&quot;ekit_we_effect_on&quot;:&quot;none&quot;}\" data-widget_type=\"text-editor.default\">\n\t\t\t\t\t\t\t\t\t<p data-start=\"58\" data-end=\"278\">La experiencia de la magia de vuelo con Lenana Viajes de' Globo de Aire Caliente aventuras. Se deslizan silenciosamente por encima de paisajes \u2014 de el oro en las sabanas de los Maasai Mara a las dunas de Marruecos Agafay Desierto.<\/p><p data-start=\"280\" data-end=\"603\" data-is-last-node=\"\" data-is-only-node=\"\">Como el sol se levanta, usted ser\u00e1 testigo de las vistas panor\u00e1micas, las manadas de vida silvestre a continuaci\u00f3n, y paisajes inolvidables estiramiento tan lejos como el ojo puede ver. Es tranquila, surrealista, y estimulante \u2014 la mezcla perfecta de emoci\u00f3n y serenidad. Ya sea para una escapada rom\u00e1ntica o un cubo-lista de momento, Lenana Viajes de m\u00e1s, literalmente.<\/p>\t\t\t\t\t\t\t\t<\/div>\n\t\t\t\t\t<\/div>\n\t\t<\/div>\n\t\t\t\t\t<\/div>\n\t\t<\/section>\n\t\t\t\t\t<\/div>\n\t\t<\/div>\n\t\t\t\t\t<\/div>\n\t\t<\/section>\n\t\t\t\t<section class=\"elementor-section elementor-top-section elementor-element elementor-element-3b1e682 elementor-section-boxed elementor-section-height-default elementor-section-height-default\" data-id=\"3b1e682\" data-element_type=\"section\" data-e-type=\"section\" data-settings=\"{&quot;ekit_has_onepagescroll_dot&quot;:&quot;yes&quot;}\">\n\t\t\t\t\t\t<div class=\"elementor-container elementor-column-gap-default\">\n\t\t\t\t\t<div class=\"elementor-column elementor-col-100 elementor-top-column elementor-element elementor-element-5e84eb0\" data-id=\"5e84eb0\" data-element_type=\"column\" data-e-type=\"column\">\n\t\t\t<div class=\"elementor-widget-wrap elementor-element-populated\">\n\t\t\t\t\t\t<div class=\"elementor-element elementor-element-65d8920 elementor-widget elementor-widget-image\" data-id=\"65d8920\" data-element_type=\"widget\" data-e-type=\"widget\" data-settings=\"{&quot;ekit_we_effect_on&quot;:&quot;none&quot;}\" data-widget_type=\"image.default\">\n\t\t\t\t\t\t\t\t\t\t\t\t\t\t\t<img decoding=\"async\" width=\"2560\" height=\"40\" src=\"https:\/\/lenanatravel.com\/wp-content\/uploads\/2025\/10\/LandscapePatrn3200x50-scaled.webp\" class=\"attachment-full size-full wp-image-3504\" alt=\"\" srcset=\"https:\/\/lenanatravel.com\/wp-content\/uploads\/2025\/10\/LandscapePatrn3200x50-scaled.webp 2560w, https:\/\/lenanatravel.com\/wp-content\/uploads\/2025\/10\/LandscapePatrn3200x50-300x5.webp 300w, https:\/\/lenanatravel.com\/wp-content\/uploads\/2025\/10\/LandscapePatrn3200x50-1024x16.webp 1024w, https:\/\/lenanatravel.com\/wp-content\/uploads\/2025\/10\/LandscapePatrn3200x50-768x12.webp 768w, https:\/\/lenanatravel.com\/wp-content\/uploads\/2025\/10\/LandscapePatrn3200x50-1536x24.webp 1536w, https:\/\/lenanatravel.com\/wp-content\/uploads\/2025\/10\/LandscapePatrn3200x50-2048x32.webp 2048w\" sizes=\"(max-width: 2560px) 100vw, 2560px\" \/>\t\t\t\t\t\t\t\t\t\t\t\t\t\t\t<\/div>\n\t\t\t\t<div class=\"elementor-element elementor-element-821e357 elementor-arrows-position-inside elementor-pagination-position-outside elementor-widget elementor-widget-image-carousel\" data-id=\"821e357\" data-element_type=\"widget\" data-e-type=\"widget\" data-settings=\"{&quot;slides_to_show&quot;:&quot;3&quot;,&quot;navigation&quot;:&quot;both&quot;,&quot;autoplay&quot;:&quot;yes&quot;,&quot;pause_on_hover&quot;:&quot;yes&quot;,&quot;pause_on_interaction&quot;:&quot;yes&quot;,&quot;autoplay_speed&quot;:5000,&quot;infinite&quot;:&quot;yes&quot;,&quot;speed&quot;:500,&quot;ekit_we_effect_on&quot;:&quot;none&quot;}\" data-widget_type=\"image-carousel.default\">\n\t\t\t\t\t\t\t<div class=\"elementor-image-carousel-wrapper swiper\" role=\"region\" aria-roledescription=\"carousel\" aria-label=\"Imagen Del Carrusel\" dir=\"ltr\">\n\t\t\t<div class=\"elementor-image-carousel swiper-wrapper\" aria-live=\"off\">\n\t\t\t\t\t\t\t\t<div class=\"swiper-slide\" role=\"group\" aria-roledescription=\"slide\" aria-label=\"1 of 4\"><figure class=\"swiper-slide-inner\"><img decoding=\"async\" class=\"swiper-slide-image\" src=\"https:\/\/lenanatravel.com\/wp-content\/uploads\/elementor\/thumbs\/capadocia-4-rc7ixa0ju8me0bxrbbfsoldwrsbf4llagqhcejeyzk.webp\" alt=\"capadocia (4)\" \/><\/figure><\/div><div class=\"swiper-slide\" role=\"group\" aria-roledescription=\"slide\" aria-label=\"2 of 4\"><figure class=\"swiper-slide-inner\"><img decoding=\"async\" class=\"swiper-slide-image\" src=\"https:\/\/lenanatravel.com\/wp-content\/uploads\/elementor\/thumbs\/capadocia-6-rc7ixepqsestmdqxjvgxj277qpo9733y5dqrsx804g.webp\" alt=\"capadocia (6)\" \/><\/figure><\/div><div class=\"swiper-slide\" role=\"group\" aria-roledescription=\"slide\" aria-label=\"3 of 4\"><figure class=\"swiper-slide-inner\"><img decoding=\"async\" class=\"swiper-slide-image\" src=\"https:\/\/lenanatravel.com\/wp-content\/uploads\/elementor\/thumbs\/capadocia-7-rc7ixhj9cwwol7mu3eot8jhlivacu6f55rp88r3tls.webp\" alt=\"capadocia (7)\" \/><\/figure><\/div><div class=\"swiper-slide\" role=\"group\" aria-roledescription=\"slide\" aria-label=\"4 of 4\"><figure class=\"swiper-slide-inner\"><img decoding=\"async\" class=\"swiper-slide-image\" src=\"https:\/\/lenanatravel.com\/wp-content\/uploads\/elementor\/thumbs\/capadocia-1-rc7ixjexqkz98fk3sfi2dj0ipn139kmlu1077b119c.webp\" alt=\"capadocia (1)\" \/><\/figure><\/div>\t\t\t<\/div>\n\t\t\t\t\t\t\t\t\t\t\t\t<div class=\"elementor-swiper-button elementor-swiper-button-prev\" role=\"button\" tabindex=\"0\">\n\t\t\t\t\t\t<svg aria-hidden=\"true\" class=\"e-font-icon-svg e-eicon-chevron-left\" viewbox=\"0 0 1000 1000\" xmlns=\"http:\/\/www.w3.org\/2000\/svg\"><path d=\"M646 125C629 125 613 133 604 142L308 442C296 454 292 471 292 487 292 504 296 521 308 533L604 854C617 867 629 875 646 875 663 875 679 871 692 858 704 846 713 829 713 812 713 796 708 779 692 767L438 487 692 225C700 217 708 204 708 187 708 171 704 154 692 142 675 129 663 125 646 125Z\"><\/path><\/svg>\t\t\t\t\t<\/div>\n\t\t\t\t\t<div class=\"elementor-swiper-button elementor-swiper-button-next\" role=\"button\" tabindex=\"0\">\n\t\t\t\t\t\t<svg aria-hidden=\"true\" class=\"e-font-icon-svg e-eicon-chevron-right\" viewbox=\"0 0 1000 1000\" xmlns=\"http:\/\/www.w3.org\/2000\/svg\"><path d=\"M696 533C708 521 713 504 713 487 713 471 708 454 696 446L400 146C388 133 375 125 354 125 338 125 325 129 313 142 300 154 292 171 292 187 292 204 296 221 308 233L563 492 304 771C292 783 288 800 288 817 288 833 296 850 308 863 321 871 338 875 354 875 371 875 388 867 400 854L696 533Z\"><\/path><\/svg>\t\t\t\t\t<\/div>\n\t\t\t\t\n\t\t\t\t\t\t\t\t\t<div class=\"swiper-pagination\"><\/div>\n\t\t\t\t\t\t\t\t\t<\/div>\n\t\t\t\t\t\t<\/div>\n\t\t\t\t\t<\/div>\n\t\t<\/div>\n\t\t\t\t\t<\/div>\n\t\t<\/section>\n\t\t\t\t<\/div>","protected":false},"excerpt":{"rendered":"<p>Experience the magic of flight with Lenana Travels&#8217; Hot Air Balloon adventures. Glide silently above breathtaking landscapes \u2014 from the golden savannahs of the Maasai Mara to the rolling dunes of Morocco\u2019s Agafay Desert. As the sun rises, you\u2019ll witness panoramic views, herds of wildlife below, and unforgettable scenery stretching as far as the eye [&hellip;]<\/p>\n","protected":false},"author":1,"featured_media":0,"parent":0,"menu_order":0,"comment_status":"closed","ping_status":"closed","template":"elementor_header_footer","meta":{"footnotes":""},"categories":[],"tags":[],"class_list":["post-1555","page","type-page","status-publish","hentry"],"_links":{"self":[{"href":"https:\/\/lenanatravel.com\/es\/wp-json\/wp\/v2\/pages\/1555","targetHints":{"allow":["GET"]}}],"collection":[{"href":"https:\/\/lenanatravel.com\/es\/wp-json\/wp\/v2\/pages"}],"about":[{"href":"https:\/\/lenanatravel.com\/es\/wp-json\/wp\/v2\/types\/page"}],"author":[{"embeddable":true,"href":"https:\/\/lenanatravel.com\/es\/wp-json\/wp\/v2\/users\/1"}],"replies":[{"embeddable":true,"href":"https:\/\/lenanatravel.com\/es\/wp-json\/wp\/v2\/comments?post=1555"}],"version-history":[{"count":20,"href":"https:\/\/lenanatravel.com\/es\/wp-json\/wp\/v2\/pages\/1555\/revisions"}],"predecessor-version":[{"id":3911,"href":"https:\/\/lenanatravel.com\/es\/wp-json\/wp\/v2\/pages\/1555\/revisions\/3911"}],"wp:attachment":[{"href":"https:\/\/lenanatravel.com\/es\/wp-json\/wp\/v2\/media?parent=1555"}],"wp:term":[{"taxonomy":"category","embeddable":true,"href":"https:\/\/lenanatravel.com\/es\/wp-json\/wp\/v2\/categories?post=1555"},{"taxonomy":"post_tag","embeddable":true,"href":"https:\/\/lenanatravel.com\/es\/wp-json\/wp\/v2\/tags?post=1555"}],"curies":[{"name":"wp","href":"https:\/\/api.w.org\/{rel}","templated":true}]}}