{"id":2217,"date":"2025-09-16T13:29:06","date_gmt":"2025-09-16T13:29:06","guid":{"rendered":"https:\/\/lenanatravel.com\/?page_id=2217"},"modified":"2026-01-10T11:58:33","modified_gmt":"2026-01-10T11:58:33","slug":"boc-orphanage","status":"publish","type":"page","link":"https:\/\/lenanatravel.com\/es\/boc-orphanage\/","title":{"rendered":"Orfanato Cuerpo de Cristo"},"content":{"rendered":"<div data-elementor-type=\"wp-page\" data-elementor-id=\"2217\" class=\"elementor elementor-2217\" data-elementor-post-type=\"page\">\n\t\t\t\t\t\t<section class=\"elementor-section elementor-top-section elementor-element elementor-element-a834f0e elementor-section-boxed elementor-section-height-default elementor-section-height-default\" data-id=\"a834f0e\" data-element_type=\"section\" data-e-type=\"section\" data-settings=\"{&quot;background_background&quot;:&quot;classic&quot;,&quot;ekit_has_onepagescroll_dot&quot;:&quot;yes&quot;}\">\n\t\t\t\t\t\t\t<div class=\"elementor-background-overlay\"><\/div>\n\t\t\t\t\t\t\t<div class=\"elementor-container elementor-column-gap-default\">\n\t\t\t\t\t<div class=\"elementor-column elementor-col-100 elementor-top-column elementor-element elementor-element-1cfe94b\" data-id=\"1cfe94b\" data-element_type=\"column\" data-e-type=\"column\">\n\t\t\t<div class=\"elementor-widget-wrap elementor-element-populated\">\n\t\t\t\t\t\t<div class=\"elementor-element elementor-element-2856e13 elementor-widget elementor-widget-theme-post-title elementor-page-title elementor-widget-heading\" data-id=\"2856e13\" data-element_type=\"widget\" data-e-type=\"widget\" data-settings=\"{&quot;ekit_we_effect_on&quot;:&quot;none&quot;}\" data-widget_type=\"theme-post-title.default\">\n\t\t\t\t\t<h1 class=\"elementor-heading-title elementor-size-default\">Orfanato Cuerpo de Cristo<\/h1>\t\t\t\t<\/div>\n\t\t\t\t\t<\/div>\n\t\t<\/div>\n\t\t\t\t\t<\/div>\n\t\t<\/section>\n\t\t\t\t<section class=\"elementor-section elementor-top-section elementor-element elementor-element-4b313d7 elementor-reverse-mobile elementor-section-boxed elementor-section-height-default elementor-section-height-default\" data-id=\"4b313d7\" data-element_type=\"section\" data-e-type=\"section\" data-settings=\"{&quot;background_background&quot;:&quot;classic&quot;,&quot;ekit_has_onepagescroll_dot&quot;:&quot;yes&quot;}\">\n\t\t\t\t\t\t\t<div class=\"elementor-background-overlay\"><\/div>\n\t\t\t\t\t\t\t<div class=\"elementor-container elementor-column-gap-default\">\n\t\t\t\t\t<div class=\"elementor-column elementor-col-100 elementor-top-column elementor-element elementor-element-de37d50\" data-id=\"de37d50\" data-element_type=\"column\" data-e-type=\"column\">\n\t\t\t<div class=\"elementor-widget-wrap elementor-element-populated\">\n\t\t\t\t\t\t<section class=\"elementor-section elementor-inner-section elementor-element elementor-element-8b261c3 elementor-section-content-middle elementor-reverse-mobile elementor-section-boxed elementor-section-height-default elementor-section-height-default\" data-id=\"8b261c3\" data-element_type=\"section\" data-e-type=\"section\" data-settings=\"{&quot;background_background&quot;:&quot;classic&quot;,&quot;ekit_has_onepagescroll_dot&quot;:&quot;yes&quot;}\">\n\t\t\t\t\t\t<div class=\"elementor-container elementor-column-gap-default\">\n\t\t\t\t\t<div class=\"elementor-column elementor-col-50 elementor-inner-column elementor-element elementor-element-2b6492f\" data-id=\"2b6492f\" data-element_type=\"column\" data-e-type=\"column\">\n\t\t\t<div class=\"elementor-widget-wrap elementor-element-populated\">\n\t\t\t\t\t\t<div class=\"elementor-element elementor-element-50cc39e elementor-invisible elementor-widget elementor-widget-image\" data-id=\"50cc39e\" data-element_type=\"widget\" data-e-type=\"widget\" data-settings=\"{&quot;_animation&quot;:&quot;fadeInUp&quot;,&quot;ekit_we_effect_on&quot;:&quot;none&quot;}\" data-widget_type=\"image.default\">\n\t\t\t\t\t\t\t\t\t\t\t\t\t\t\t<img fetchpriority=\"high\" decoding=\"async\" width=\"600\" height=\"700\" src=\"https:\/\/lenanatravel.com\/wp-content\/uploads\/2025\/09\/lenana.webp\" class=\"attachment-large size-large wp-image-2246\" alt=\"\" srcset=\"https:\/\/lenanatravel.com\/wp-content\/uploads\/2025\/09\/lenana.webp 600w, https:\/\/lenanatravel.com\/wp-content\/uploads\/2025\/09\/lenana-257x300.webp 257w\" sizes=\"(max-width: 600px) 100vw, 600px\" \/>\t\t\t\t\t\t\t\t\t\t\t\t\t\t\t<\/div>\n\t\t\t\t\t<\/div>\n\t\t<\/div>\n\t\t\t\t<div class=\"elementor-column elementor-col-50 elementor-inner-column elementor-element elementor-element-0b7d70e\" data-id=\"0b7d70e\" data-element_type=\"column\" data-e-type=\"column\">\n\t\t\t<div class=\"elementor-widget-wrap elementor-element-populated\">\n\t\t\t\t\t\t<div class=\"elementor-element elementor-element-f8b27d4 elementor-invisible elementor-widget elementor-widget-text-editor\" data-id=\"f8b27d4\" data-element_type=\"widget\" data-e-type=\"widget\" data-settings=\"{&quot;_animation&quot;:&quot;fadeInUp&quot;,&quot;_animation_delay&quot;:200,&quot;ekit_we_effect_on&quot;:&quot;none&quot;}\" data-widget_type=\"text-editor.default\">\n\t\t\t\t\t\t\t\t\t<p><b>Pastora Mary<\/b> <b>Watare Mbugua<\/b><span style=\"font-weight: 400;\"> ten\u00eda el sue\u00f1o de establecer un <\/span><b>centro humanitario para los verdaderamente necesitados<\/b><span style=\"font-weight: 400;\">, A los pobres, a los menos afortunados y a quienes han sufrido discriminaci\u00f3n en la vida. Tras perder tr\u00e1gicamente a su hijo en un accidente de tr\u00e1fico, decidi\u00f3 que todo lo que le hubiera dado a su hijo (amor, comida, cobijo, ropa, educaci\u00f3n) se lo dar\u00eda ahora a su hijo.<\/span><b> a los ni\u00f1os de su comunidad.\u00a0<\/b><\/p><p><span style=\"font-weight: 400;\">Empez\u00f3 a acoger hu\u00e9rfanos en 2004 y, a medida que el n\u00famero de ni\u00f1os iba creciendo, la pastora Mary se dio cuenta de que <strong>se podr\u00eda hacer m\u00e1s<\/strong> que simplemente alojar y alimentar a los ni\u00f1os. Puso en marcha un <\/span><b>guarder\u00eda gratuita<\/b><span style=\"font-weight: 400;\">, actualmente educando <\/span><b>75 alumnos diarios<\/b><span style=\"font-weight: 400;\">.  La escuela est\u00e1 dirigida por tres profesores a tiempo completo y un cocinero, y cuenta con la ayuda regular de <\/span><b>voluntarios de todo el mundo<\/b><span style=\"font-weight: 400;\">. El personal cobra de la pensi\u00f3n de Mary y de un proyecto de reposter\u00eda que suministra pasteles a las tiendas locales.<\/span><\/p><p><span style=\"font-weight: 400;\">Le animamos a que <\/span><b>visite el BOC<\/b><span style=\"font-weight: 400;\"> durante sus viajes, no s\u00f3lo para apoyar a nuestra organizaci\u00f3n ben\u00e9fica y jugar con los ni\u00f1os, sino para ver y<\/span><b> reflexionar sobre las duras desigualdades que marcan los lugares que visitamos.\u00a0<\/b><\/p>\t\t\t\t\t\t\t\t<\/div>\n\t\t\t\t\t<\/div>\n\t\t<\/div>\n\t\t\t\t\t<\/div>\n\t\t<\/section>\n\t\t\t\t\t<\/div>\n\t\t<\/div>\n\t\t\t\t\t<\/div>\n\t\t<\/section>\n\t\t\t\t<section class=\"elementor-section elementor-top-section elementor-element elementor-element-7d14b82 elementor-section-boxed elementor-section-height-default elementor-section-height-default\" data-id=\"7d14b82\" data-element_type=\"section\" data-e-type=\"section\" data-settings=\"{&quot;ekit_has_onepagescroll_dot&quot;:&quot;yes&quot;}\">\n\t\t\t\t\t\t<div class=\"elementor-container elementor-column-gap-default\">\n\t\t\t\t\t<div class=\"elementor-column elementor-col-100 elementor-top-column elementor-element elementor-element-69cfeb8\" data-id=\"69cfeb8\" data-element_type=\"column\" data-e-type=\"column\">\n\t\t\t<div class=\"elementor-widget-wrap elementor-element-populated\">\n\t\t\t\t\t\t<div class=\"elementor-element elementor-element-c9e1efb elementor-widget elementor-widget-image\" data-id=\"c9e1efb\" data-element_type=\"widget\" data-e-type=\"widget\" data-settings=\"{&quot;ekit_we_effect_on&quot;:&quot;none&quot;}\" data-widget_type=\"image.default\">\n\t\t\t\t\t\t\t\t\t\t\t\t\t\t\t<img decoding=\"async\" width=\"2560\" height=\"69\" src=\"https:\/\/lenanatravel.com\/wp-content\/uploads\/2025\/07\/Lenana_Cenefas_Patrones_8-scaled.png\" class=\"attachment-full size-full wp-image-1329\" alt=\"\" srcset=\"https:\/\/lenanatravel.com\/wp-content\/uploads\/2025\/07\/Lenana_Cenefas_Patrones_8-scaled.png 2560w, https:\/\/lenanatravel.com\/wp-content\/uploads\/2025\/07\/Lenana_Cenefas_Patrones_8-300x8.png 300w, https:\/\/lenanatravel.com\/wp-content\/uploads\/2025\/07\/Lenana_Cenefas_Patrones_8-1024x28.png 1024w, https:\/\/lenanatravel.com\/wp-content\/uploads\/2025\/07\/Lenana_Cenefas_Patrones_8-768x21.png 768w, https:\/\/lenanatravel.com\/wp-content\/uploads\/2025\/07\/Lenana_Cenefas_Patrones_8-1536x41.png 1536w, https:\/\/lenanatravel.com\/wp-content\/uploads\/2025\/07\/Lenana_Cenefas_Patrones_8-2048x55.png 2048w\" sizes=\"(max-width: 2560px) 100vw, 2560px\" \/>\t\t\t\t\t\t\t\t\t\t\t\t\t\t\t<\/div>\n\t\t\t\t<div class=\"elementor-element elementor-element-07bdf34 elementor-arrows-position-inside elementor-pagination-position-outside elementor-widget elementor-widget-image-carousel\" data-id=\"07bdf34\" data-element_type=\"widget\" data-e-type=\"widget\" data-settings=\"{&quot;slides_to_show&quot;:&quot;3&quot;,&quot;navigation&quot;:&quot;both&quot;,&quot;autoplay&quot;:&quot;yes&quot;,&quot;pause_on_hover&quot;:&quot;yes&quot;,&quot;pause_on_interaction&quot;:&quot;yes&quot;,&quot;autoplay_speed&quot;:5000,&quot;infinite&quot;:&quot;yes&quot;,&quot;speed&quot;:500,&quot;ekit_we_effect_on&quot;:&quot;none&quot;}\" data-widget_type=\"image-carousel.default\">\n\t\t\t\t\t\t\t<div class=\"elementor-image-carousel-wrapper swiper\" role=\"region\" aria-roledescription=\"carousel\" aria-label=\"Imagen Del Carrusel\" dir=\"ltr\">\n\t\t\t<div class=\"elementor-image-carousel swiper-wrapper\" aria-live=\"off\">\n\t\t\t\t\t\t\t\t<div class=\"swiper-slide\" role=\"group\" aria-roledescription=\"slide\" aria-label=\"1 of 13\"><figure class=\"swiper-slide-inner\"><img decoding=\"async\" class=\"swiper-slide-image\" src=\"https:\/\/lenanatravel.com\/wp-content\/uploads\/elementor\/thumbs\/IMG_2534-scaled-rbudyy6xsyv11dmo43dbvmmu5ux7vh8x88fpm6itgg.webp\" alt=\"IMG_2534\" \/><\/figure><\/div><div class=\"swiper-slide\" role=\"group\" aria-roledescription=\"slide\" aria-label=\"2 of 13\"><figure class=\"swiper-slide-inner\"><img decoding=\"async\" class=\"swiper-slide-image\" src=\"https:\/\/lenanatravel.com\/wp-content\/uploads\/elementor\/thumbs\/IMG_3346-rbudz2w4r51gnffucnegq3g54sa1xyrkwvp50kbulc.webp\" alt=\"IMG_3346\" \/><\/figure><\/div><div class=\"swiper-slide\" role=\"group\" aria-roledescription=\"slide\" aria-label=\"3 of 13\"><figure class=\"swiper-slide-inner\"><img decoding=\"async\" class=\"swiper-slide-image\" src=\"https:\/\/lenanatravel.com\/wp-content\/uploads\/elementor\/thumbs\/IMG_4333-rbudzbcognd1jx3jz923ujbah94cv8p5y1kic1zb1c.webp\" alt=\"IMG_4333\" \/><\/figure><\/div><div class=\"swiper-slide\" role=\"group\" aria-roledescription=\"slide\" aria-label=\"4 of 13\"><figure class=\"swiper-slide-inner\"><img decoding=\"async\" class=\"swiper-slide-image\" src=\"https:\/\/lenanatravel.com\/wp-content\/uploads\/elementor\/thumbs\/IMG_7190-rbudze6715gwiqzgis9zk0lo9eqgic0cyfiyrvv4io.webp\" alt=\"IMG_7190\" \/><\/figure><\/div><div class=\"swiper-slide\" role=\"group\" aria-roledescription=\"slide\" aria-label=\"5 of 13\"><figure class=\"swiper-slide-inner\"><img decoding=\"async\" class=\"swiper-slide-image\" src=\"https:\/\/lenanatravel.com\/wp-content\/uploads\/elementor\/thumbs\/IMG_9167-scaled-rbudzlowjtr73mojavj03ypd0hpe7wu7ngqum3jz4w.webp\" alt=\"IMG_9167\" \/><\/figure><\/div><div class=\"swiper-slide\" role=\"group\" aria-roledescription=\"slide\" aria-label=\"6 of 13\"><figure class=\"swiper-slide-inner\"><img decoding=\"async\" class=\"swiper-slide-image\" src=\"https:\/\/lenanatravel.com\/wp-content\/uploads\/elementor\/thumbs\/IMG_9328-scaled-rbudzt7m2i1hoidm2ys0nwt1rkobxho2chyqgb8tr4.webp\" alt=\"IMG_9328\" \/><\/figure><\/div><div class=\"swiper-slide\" role=\"group\" aria-roledescription=\"slide\" aria-label=\"7 of 13\"><figure class=\"swiper-slide-inner\"><img decoding=\"async\" class=\"swiper-slide-image\" src=\"https:\/\/lenanatravel.com\/wp-content\/uploads\/elementor\/thumbs\/IMG_7660-scaled-rc6j8j7wn7wjbg3mbha06am37enpds8u5uapiebhk0.jpg\" alt=\"IMG_7660\" \/><\/figure><\/div><div class=\"swiper-slide\" role=\"group\" aria-roledescription=\"slide\" aria-label=\"8 of 13\"><figure class=\"swiper-slide-inner\"><img decoding=\"async\" class=\"swiper-slide-image\" src=\"https:\/\/lenanatravel.com\/wp-content\/uploads\/elementor\/thumbs\/IMG_7194-rc6j8nx3le2yxhwsk1b50rfe6c0jg9rhuhk4ws4iow.jpg\" alt=\"IMG_7194\" \/><\/figure><\/div><div class=\"swiper-slide\" role=\"group\" aria-roledescription=\"slide\" aria-label=\"9 of 13\"><figure class=\"swiper-slide-inner\"><img decoding=\"async\" class=\"swiper-slide-image\" src=\"https:\/\/lenanatravel.com\/wp-content\/uploads\/elementor\/thumbs\/IMG_2537-rotated-rc6j8smajk9ejjpyslc9v88p59ddira5j4tkb5xjts.jpg\" alt=\"IMG_2537\" \/><\/figure><\/div><div class=\"swiper-slide\" role=\"group\" aria-roledescription=\"slide\" aria-label=\"10 of 13\"><figure class=\"swiper-slide-inner\"><img decoding=\"async\" class=\"swiper-slide-image\" src=\"https:\/\/lenanatravel.com\/wp-content\/uploads\/elementor\/thumbs\/DSCN9704-scaled-rc6j9okszxh5iafjlz5l806dcczusgt0zj02mkm5y8.jpg\" alt=\"DSCN9704\" \/><\/figure><\/div><div class=\"swiper-slide\" role=\"group\" aria-roledescription=\"slide\" aria-label=\"11 of 13\"><figure class=\"swiper-slide-inner\"><img decoding=\"async\" class=\"swiper-slide-image\" src=\"https:\/\/lenanatravel.com\/wp-content\/uploads\/elementor\/thumbs\/Adjustments.plist_-rc6j9u7u4xovfy7cp1lcmyr4wo822nff0awzi8dsww.jpg\" alt=\"Adjustments.plist\" \/><\/figure><\/div><div class=\"swiper-slide\" role=\"group\" aria-roledescription=\"slide\" aria-label=\"12 of 13\"><figure class=\"swiper-slide-inner\"><img decoding=\"async\" class=\"swiper-slide-image\" src=\"https:\/\/lenanatravel.com\/wp-content\/uploads\/elementor\/thumbs\/0119f347d82e243eeb801c6360035bd5c96f95013c-rc6j9xz6w9u0qe1w337uwxsza7pixfucctixfc8880.jpg\" alt=\"0119f347d82e243eeb801c6360035bd5c96f95013c\" \/><\/figure><\/div><div class=\"swiper-slide\" role=\"group\" aria-roledescription=\"slide\" aria-label=\"13 of 13\"><figure class=\"swiper-slide-inner\"><img decoding=\"async\" class=\"swiper-slide-image\" src=\"https:\/\/lenanatravel.com\/wp-content\/uploads\/elementor\/thumbs\/01a6e3c772877b8255fe85c7f8db3fddcfb5c6f25c-rc6ja2odug0gcfv2bn8zrema952czxd01gsctq19cw.jpg\" alt=\"01a6e3c772877b8255fe85c7f8db3fddcfb5c6f25c\" \/><\/figure><\/div>\t\t\t<\/div>\n\t\t\t\t\t\t\t\t\t\t\t\t<div class=\"elementor-swiper-button elementor-swiper-button-prev\" role=\"button\" tabindex=\"0\">\n\t\t\t\t\t\t<svg aria-hidden=\"true\" class=\"e-font-icon-svg e-eicon-chevron-left\" viewbox=\"0 0 1000 1000\" xmlns=\"http:\/\/www.w3.org\/2000\/svg\"><path d=\"M646 125C629 125 613 133 604 142L308 442C296 454 292 471 292 487 292 504 296 521 308 533L604 854C617 867 629 875 646 875 663 875 679 871 692 858 704 846 713 829 713 812 713 796 708 779 692 767L438 487 692 225C700 217 708 204 708 187 708 171 704 154 692 142 675 129 663 125 646 125Z\"><\/path><\/svg>\t\t\t\t\t<\/div>\n\t\t\t\t\t<div class=\"elementor-swiper-button elementor-swiper-button-next\" role=\"button\" tabindex=\"0\">\n\t\t\t\t\t\t<svg aria-hidden=\"true\" class=\"e-font-icon-svg e-eicon-chevron-right\" viewbox=\"0 0 1000 1000\" xmlns=\"http:\/\/www.w3.org\/2000\/svg\"><path d=\"M696 533C708 521 713 504 713 487 713 471 708 454 696 446L400 146C388 133 375 125 354 125 338 125 325 129 313 142 300 154 292 171 292 187 292 204 296 221 308 233L563 492 304 771C292 783 288 800 288 817 288 833 296 850 308 863 321 871 338 875 354 875 371 875 388 867 400 854L696 533Z\"><\/path><\/svg>\t\t\t\t\t<\/div>\n\t\t\t\t\n\t\t\t\t\t\t\t\t\t<div class=\"swiper-pagination\"><\/div>\n\t\t\t\t\t\t\t\t\t<\/div>\n\t\t\t\t\t\t<\/div>\n\t\t\t\t\t<\/div>\n\t\t<\/div>\n\t\t\t\t\t<\/div>\n\t\t<\/section>\n\t\t\t\t<\/div>","protected":false},"excerpt":{"rendered":"<p>Pastor Mary Watare Mbugua had a dream to establish a humanitarian centre for the truly needy, the poor, the less fortunate, and those who have faced discrimination in life. After tragically losing her son in a traffic accident, she decided that anything she would\u2019ve given to her son (love, food, shelter, clothing, education) would now [&hellip;]<\/p>\n","protected":false},"author":1,"featured_media":0,"parent":0,"menu_order":0,"comment_status":"closed","ping_status":"closed","template":"elementor_header_footer","meta":{"footnotes":""},"categories":[],"tags":[],"class_list":["post-2217","page","type-page","status-publish","hentry"],"_links":{"self":[{"href":"https:\/\/lenanatravel.com\/es\/wp-json\/wp\/v2\/pages\/2217","targetHints":{"allow":["GET"]}}],"collection":[{"href":"https:\/\/lenanatravel.com\/es\/wp-json\/wp\/v2\/pages"}],"about":[{"href":"https:\/\/lenanatravel.com\/es\/wp-json\/wp\/v2\/types\/page"}],"author":[{"embeddable":true,"href":"https:\/\/lenanatravel.com\/es\/wp-json\/wp\/v2\/users\/1"}],"replies":[{"embeddable":true,"href":"https:\/\/lenanatravel.com\/es\/wp-json\/wp\/v2\/comments?post=2217"}],"version-history":[{"count":25,"href":"https:\/\/lenanatravel.com\/es\/wp-json\/wp\/v2\/pages\/2217\/revisions"}],"predecessor-version":[{"id":3936,"href":"https:\/\/lenanatravel.com\/es\/wp-json\/wp\/v2\/pages\/2217\/revisions\/3936"}],"wp:attachment":[{"href":"https:\/\/lenanatravel.com\/es\/wp-json\/wp\/v2\/media?parent=2217"}],"wp:term":[{"taxonomy":"category","embeddable":true,"href":"https:\/\/lenanatravel.com\/es\/wp-json\/wp\/v2\/categories?post=2217"},{"taxonomy":"post_tag","embeddable":true,"href":"https:\/\/lenanatravel.com\/es\/wp-json\/wp\/v2\/tags?post=2217"}],"curies":[{"name":"wp","href":"https:\/\/api.w.org\/{rel}","templated":true}]}}