{"id":551,"date":"2025-07-16T12:01:35","date_gmt":"2025-07-16T12:01:35","guid":{"rendered":"https:\/\/lenanatravel.com\/?page_id=551"},"modified":"2026-01-12T11:06:49","modified_gmt":"2026-01-12T11:06:49","slug":"elephant-orphanage","status":"publish","type":"page","link":"https:\/\/lenanatravel.com\/es\/elephant-orphanage\/","title":{"rendered":"EL ORFANATO DE ELEFANTES"},"content":{"rendered":"<div data-elementor-type=\"wp-page\" data-elementor-id=\"551\" class=\"elementor elementor-551\" data-elementor-post-type=\"page\">\n\t\t\t\t\t\t<section class=\"elementor-section elementor-top-section elementor-element elementor-element-7b1dcd91 elementor-section-boxed elementor-section-height-default elementor-section-height-default\" data-id=\"7b1dcd91\" data-element_type=\"section\" data-e-type=\"section\" data-settings=\"{&quot;background_background&quot;:&quot;classic&quot;,&quot;ekit_has_onepagescroll_dot&quot;:&quot;yes&quot;}\">\n\t\t\t\t\t\t\t<div class=\"elementor-background-overlay\"><\/div>\n\t\t\t\t\t\t\t<div class=\"elementor-container elementor-column-gap-default\">\n\t\t\t\t\t<div class=\"elementor-column elementor-col-100 elementor-top-column elementor-element elementor-element-525b0d2f\" data-id=\"525b0d2f\" data-element_type=\"column\" data-e-type=\"column\">\n\t\t\t<div class=\"elementor-widget-wrap elementor-element-populated\">\n\t\t\t\t\t\t<div class=\"elementor-element elementor-element-1530a5ba elementor-widget elementor-widget-theme-post-title elementor-page-title elementor-widget-heading\" data-id=\"1530a5ba\" data-element_type=\"widget\" data-e-type=\"widget\" data-settings=\"{&quot;ekit_we_effect_on&quot;:&quot;none&quot;}\" data-widget_type=\"theme-post-title.default\">\n\t\t\t\t\t<h1 class=\"elementor-heading-title elementor-size-default\">EL ORFANATO DE ELEFANTES<\/h1>\t\t\t\t<\/div>\n\t\t\t\t\t<\/div>\n\t\t<\/div>\n\t\t\t\t\t<\/div>\n\t\t<\/section>\n\t\t\t\t<section class=\"elementor-section elementor-top-section elementor-element elementor-element-ee63a55 elementor-reverse-mobile elementor-section-boxed elementor-section-height-default elementor-section-height-default\" data-id=\"ee63a55\" data-element_type=\"section\" data-e-type=\"section\" data-settings=\"{&quot;background_background&quot;:&quot;classic&quot;,&quot;ekit_has_onepagescroll_dot&quot;:&quot;yes&quot;}\">\n\t\t\t\t\t\t\t<div class=\"elementor-background-overlay\"><\/div>\n\t\t\t\t\t\t\t<div class=\"elementor-container elementor-column-gap-default\">\n\t\t\t\t\t<div class=\"elementor-column elementor-col-100 elementor-top-column elementor-element elementor-element-4ff9033\" data-id=\"4ff9033\" data-element_type=\"column\" data-e-type=\"column\">\n\t\t\t<div class=\"elementor-widget-wrap elementor-element-populated\">\n\t\t\t\t\t\t<section class=\"elementor-section elementor-inner-section elementor-element elementor-element-3733892 elementor-section-content-middle elementor-reverse-mobile elementor-section-boxed elementor-section-height-default elementor-section-height-default\" data-id=\"3733892\" data-element_type=\"section\" data-e-type=\"section\" data-settings=\"{&quot;background_background&quot;:&quot;classic&quot;,&quot;ekit_has_onepagescroll_dot&quot;:&quot;yes&quot;}\">\n\t\t\t\t\t\t<div class=\"elementor-container elementor-column-gap-default\">\n\t\t\t\t\t<div class=\"elementor-column elementor-col-50 elementor-inner-column elementor-element elementor-element-bd6db18\" data-id=\"bd6db18\" data-element_type=\"column\" data-e-type=\"column\">\n\t\t\t<div class=\"elementor-widget-wrap elementor-element-populated\">\n\t\t\t\t\t\t<div class=\"elementor-element elementor-element-bd029a6 elementor-invisible elementor-widget elementor-widget-image\" data-id=\"bd029a6\" data-element_type=\"widget\" data-e-type=\"widget\" data-settings=\"{&quot;_animation&quot;:&quot;fadeInUp&quot;,&quot;ekit_we_effect_on&quot;:&quot;none&quot;}\" data-widget_type=\"image.default\">\n\t\t\t\t\t\t\t\t\t\t\t\t\t\t\t<img fetchpriority=\"high\" decoding=\"async\" width=\"600\" height=\"700\" src=\"https:\/\/lenanatravel.com\/wp-content\/uploads\/2025\/09\/lenana-4-1.webp\" class=\"attachment-large size-large wp-image-2279\" alt=\"\" srcset=\"https:\/\/lenanatravel.com\/wp-content\/uploads\/2025\/09\/lenana-4-1.webp 600w, https:\/\/lenanatravel.com\/wp-content\/uploads\/2025\/09\/lenana-4-1-257x300.webp 257w\" sizes=\"(max-width: 600px) 100vw, 600px\" \/>\t\t\t\t\t\t\t\t\t\t\t\t\t\t\t<\/div>\n\t\t\t\t\t<\/div>\n\t\t<\/div>\n\t\t\t\t<div class=\"elementor-column elementor-col-50 elementor-inner-column elementor-element elementor-element-e06da7c\" data-id=\"e06da7c\" data-element_type=\"column\" data-e-type=\"column\">\n\t\t\t<div class=\"elementor-widget-wrap elementor-element-populated\">\n\t\t\t\t\t\t<div class=\"elementor-element elementor-element-6ece046 elementor-invisible elementor-widget elementor-widget-text-editor\" data-id=\"6ece046\" data-element_type=\"widget\" data-e-type=\"widget\" data-settings=\"{&quot;_animation&quot;:&quot;fadeInUp&quot;,&quot;_animation_delay&quot;:200,&quot;ekit_we_effect_on&quot;:&quot;none&quot;}\" data-widget_type=\"text-editor.default\">\n\t\t\t\t\t\t\t\t\t<p><b>Orfanato de elefantes David Sheldrick Wildlife Trust<\/b><span style=\"font-weight: 400;\"> en Nairobi es una de las experiencias de vida salvaje m\u00e1s inspiradoras de Kenia. Dedicado a <\/span><b>rescate y rehabilitaci\u00f3n de elefantes hu\u00e9rfanos,<\/b><span style=\"font-weight: 400;\"> el centro ofrece a los visitantes una oportunidad \u00fanica de <\/span><b>sea testigo de la conservaci\u00f3n en acci\u00f3n.<\/b><span style=\"font-weight: 400;\">\u00a0<\/span><\/p><p data-start=\"575\" data-end=\"1007\"><br \/><span style=\"font-weight: 400;\">Durante su visita, podr\u00e1 observar a los terneros <\/span><b>disfrutan de sus biberones de leche, chapotean en el barro y juegan con sus cuidadores<\/b><span style=\"font-weight: 400;\">. Es posible que tenga la oportunidad de tocar, jugar o incluso ser pisado por las cr\u00edas de elefante. M\u00e1s que una simple visita, esta experiencia ofrece una visi\u00f3n significativa de <\/span><b>Los esfuerzos de Kenia por proteger<\/b><span style=\"font-weight: 400;\"> su especie m\u00e1s emblem\u00e1tica.<\/span><\/p>\t\t\t\t\t\t\t\t<\/div>\n\t\t\t\t\t<\/div>\n\t\t<\/div>\n\t\t\t\t\t<\/div>\n\t\t<\/section>\n\t\t\t\t\t<\/div>\n\t\t<\/div>\n\t\t\t\t\t<\/div>\n\t\t<\/section>\n\t\t\t\t<section class=\"elementor-section elementor-top-section elementor-element elementor-element-504ae65d elementor-section-boxed elementor-section-height-default elementor-section-height-default\" data-id=\"504ae65d\" data-element_type=\"section\" data-e-type=\"section\" data-settings=\"{&quot;ekit_has_onepagescroll_dot&quot;:&quot;yes&quot;}\">\n\t\t\t\t\t\t<div class=\"elementor-container elementor-column-gap-default\">\n\t\t\t\t\t<div class=\"elementor-column elementor-col-100 elementor-top-column elementor-element elementor-element-6b38bd9f\" data-id=\"6b38bd9f\" data-element_type=\"column\" data-e-type=\"column\">\n\t\t\t<div class=\"elementor-widget-wrap elementor-element-populated\">\n\t\t\t\t\t\t<div class=\"elementor-element elementor-element-cf0bcde elementor-widget elementor-widget-image\" data-id=\"cf0bcde\" data-element_type=\"widget\" data-e-type=\"widget\" data-settings=\"{&quot;ekit_we_effect_on&quot;:&quot;none&quot;}\" data-widget_type=\"image.default\">\n\t\t\t\t\t\t\t\t\t\t\t\t\t\t\t<img decoding=\"async\" width=\"2560\" height=\"40\" src=\"https:\/\/lenanatravel.com\/wp-content\/uploads\/2025\/10\/LandscapePatrn3200x50-scaled.webp\" class=\"attachment-full size-full wp-image-3504\" alt=\"\" srcset=\"https:\/\/lenanatravel.com\/wp-content\/uploads\/2025\/10\/LandscapePatrn3200x50-scaled.webp 2560w, https:\/\/lenanatravel.com\/wp-content\/uploads\/2025\/10\/LandscapePatrn3200x50-300x5.webp 300w, https:\/\/lenanatravel.com\/wp-content\/uploads\/2025\/10\/LandscapePatrn3200x50-1024x16.webp 1024w, https:\/\/lenanatravel.com\/wp-content\/uploads\/2025\/10\/LandscapePatrn3200x50-768x12.webp 768w, https:\/\/lenanatravel.com\/wp-content\/uploads\/2025\/10\/LandscapePatrn3200x50-1536x24.webp 1536w, https:\/\/lenanatravel.com\/wp-content\/uploads\/2025\/10\/LandscapePatrn3200x50-2048x32.webp 2048w\" sizes=\"(max-width: 2560px) 100vw, 2560px\" \/>\t\t\t\t\t\t\t\t\t\t\t\t\t\t\t<\/div>\n\t\t\t\t<div class=\"elementor-element elementor-element-3f4dff3c elementor-arrows-position-inside elementor-pagination-position-outside elementor-widget elementor-widget-image-carousel\" data-id=\"3f4dff3c\" data-element_type=\"widget\" data-e-type=\"widget\" data-settings=\"{&quot;slides_to_show&quot;:&quot;3&quot;,&quot;navigation&quot;:&quot;both&quot;,&quot;autoplay&quot;:&quot;yes&quot;,&quot;pause_on_hover&quot;:&quot;yes&quot;,&quot;pause_on_interaction&quot;:&quot;yes&quot;,&quot;autoplay_speed&quot;:5000,&quot;infinite&quot;:&quot;yes&quot;,&quot;speed&quot;:500,&quot;ekit_we_effect_on&quot;:&quot;none&quot;}\" data-widget_type=\"image-carousel.default\">\n\t\t\t\t\t\t\t<div class=\"elementor-image-carousel-wrapper swiper\" role=\"region\" aria-roledescription=\"carousel\" aria-label=\"Imagen Del Carrusel\" dir=\"ltr\">\n\t\t\t<div class=\"elementor-image-carousel swiper-wrapper\" aria-live=\"off\">\n\t\t\t\t\t\t\t\t<div class=\"swiper-slide\" role=\"group\" aria-roledescription=\"slide\" aria-label=\"1 of 6\"><figure class=\"swiper-slide-inner\"><img decoding=\"async\" class=\"swiper-slide-image\" src=\"https:\/\/lenanatravel.com\/wp-content\/uploads\/elementor\/thumbs\/DSCN0138-scaled-rbs85e843fqt9f1l83tn9lab8ffg019q1tquekeysg.webp\" alt=\"DSCN0138\" \/><\/figure><\/div><div class=\"swiper-slide\" role=\"group\" aria-roledescription=\"slide\" aria-label=\"2 of 6\"><figure class=\"swiper-slide-inner\"><img decoding=\"async\" class=\"swiper-slide-image\" src=\"https:\/\/lenanatravel.com\/wp-content\/uploads\/elementor\/thumbs\/IMG_2466-scaled-rbs85monsy2e5wpauphae15gkw9qxb7b2zm7q22f8g.webp\" alt=\"IMG_2466\" \/><\/figure><\/div><div class=\"swiper-slide\" role=\"group\" aria-roledescription=\"slide\" aria-label=\"3 of 6\"><figure class=\"swiper-slide-inner\"><img decoding=\"async\" class=\"swiper-slide-image\" src=\"https:\/\/lenanatravel.com\/wp-content\/uploads\/elementor\/thumbs\/IMG_0888-rbs85qg0ka7jgcju8r3so07ayfr7s3m8fi85n5wujk.webp\" alt=\"IMG_0888\" \/><\/figure><\/div><div class=\"swiper-slide\" role=\"group\" aria-roledescription=\"slide\" aria-label=\"4 of 6\"><figure class=\"swiper-slide-inner\"><img decoding=\"async\" class=\"swiper-slide-image\" src=\"https:\/\/lenanatravel.com\/wp-content\/uploads\/elementor\/thumbs\/IMG_0886-rbs85sboxya43kh3xrx1szq857hy7htp3rj4lpu274.webp\" alt=\"IMG_0886\" \/><\/figure><\/div><div class=\"swiper-slide\" role=\"group\" aria-roledescription=\"slide\" aria-label=\"5 of 6\"><figure class=\"swiper-slide-inner\"><img decoding=\"async\" class=\"swiper-slide-image\" src=\"https:\/\/lenanatravel.com\/wp-content\/uploads\/elementor\/thumbs\/IMG-20120909-WA0001-rbs85u7dbmcoqsedmsqaxz95bz8omw15s0u3k9r9uo.webp\" alt=\"IMG-20120909-WA0001\" \/><\/figure><\/div><div class=\"swiper-slide\" role=\"group\" aria-roledescription=\"slide\" aria-label=\"6 of 6\"><figure class=\"swiper-slide-inner\"><img decoding=\"async\" class=\"swiper-slide-image\" src=\"https:\/\/lenanatravel.com\/wp-content\/uploads\/elementor\/thumbs\/IMG-20121010-WA0000-rbs85w31paf9e0bnbtjk2ys2iqzf2a8mga52itohi8.webp\" alt=\"IMG-20121010-WA0000\" \/><\/figure><\/div>\t\t\t<\/div>\n\t\t\t\t\t\t\t\t\t\t\t\t<div class=\"elementor-swiper-button elementor-swiper-button-prev\" role=\"button\" tabindex=\"0\">\n\t\t\t\t\t\t<svg aria-hidden=\"true\" class=\"e-font-icon-svg e-eicon-chevron-left\" viewbox=\"0 0 1000 1000\" xmlns=\"http:\/\/www.w3.org\/2000\/svg\"><path d=\"M646 125C629 125 613 133 604 142L308 442C296 454 292 471 292 487 292 504 296 521 308 533L604 854C617 867 629 875 646 875 663 875 679 871 692 858 704 846 713 829 713 812 713 796 708 779 692 767L438 487 692 225C700 217 708 204 708 187 708 171 704 154 692 142 675 129 663 125 646 125Z\"><\/path><\/svg>\t\t\t\t\t<\/div>\n\t\t\t\t\t<div class=\"elementor-swiper-button elementor-swiper-button-next\" role=\"button\" tabindex=\"0\">\n\t\t\t\t\t\t<svg aria-hidden=\"true\" class=\"e-font-icon-svg e-eicon-chevron-right\" viewbox=\"0 0 1000 1000\" xmlns=\"http:\/\/www.w3.org\/2000\/svg\"><path d=\"M696 533C708 521 713 504 713 487 713 471 708 454 696 446L400 146C388 133 375 125 354 125 338 125 325 129 313 142 300 154 292 171 292 187 292 204 296 221 308 233L563 492 304 771C292 783 288 800 288 817 288 833 296 850 308 863 321 871 338 875 354 875 371 875 388 867 400 854L696 533Z\"><\/path><\/svg>\t\t\t\t\t<\/div>\n\t\t\t\t\n\t\t\t\t\t\t\t\t\t<div class=\"swiper-pagination\"><\/div>\n\t\t\t\t\t\t\t\t\t<\/div>\n\t\t\t\t\t\t<\/div>\n\t\t\t\t\t<\/div>\n\t\t<\/div>\n\t\t\t\t\t<\/div>\n\t\t<\/section>\n\t\t\t\t<\/div>","protected":false},"excerpt":{"rendered":"<p>The David Sheldrick Wildlife Trust Elephant Orphanage in Nairobi is one of Kenya\u2019s most inspiring wildlife experiences. Dedicated to rescuing and rehabilitating orphaned elephants, the centre offers visitors a rare opportunity to witness conservation in action.\u00a0 During your visit, you can watch the calves enjoy their bottles of milk, splash in the mud, and play [&hellip;]<\/p>\n","protected":false},"author":1,"featured_media":2279,"parent":0,"menu_order":0,"comment_status":"closed","ping_status":"closed","template":"elementor_header_footer","meta":{"footnotes":""},"categories":[54],"tags":[],"class_list":["post-551","page","type-page","status-publish","has-post-thumbnail","hentry","category-nairobi"],"_links":{"self":[{"href":"https:\/\/lenanatravel.com\/es\/wp-json\/wp\/v2\/pages\/551","targetHints":{"allow":["GET"]}}],"collection":[{"href":"https:\/\/lenanatravel.com\/es\/wp-json\/wp\/v2\/pages"}],"about":[{"href":"https:\/\/lenanatravel.com\/es\/wp-json\/wp\/v2\/types\/page"}],"author":[{"embeddable":true,"href":"https:\/\/lenanatravel.com\/es\/wp-json\/wp\/v2\/users\/1"}],"replies":[{"embeddable":true,"href":"https:\/\/lenanatravel.com\/es\/wp-json\/wp\/v2\/comments?post=551"}],"version-history":[{"count":40,"href":"https:\/\/lenanatravel.com\/es\/wp-json\/wp\/v2\/pages\/551\/revisions"}],"predecessor-version":[{"id":3969,"href":"https:\/\/lenanatravel.com\/es\/wp-json\/wp\/v2\/pages\/551\/revisions\/3969"}],"wp:featuredmedia":[{"embeddable":true,"href":"https:\/\/lenanatravel.com\/es\/wp-json\/wp\/v2\/media\/2279"}],"wp:attachment":[{"href":"https:\/\/lenanatravel.com\/es\/wp-json\/wp\/v2\/media?parent=551"}],"wp:term":[{"taxonomy":"category","embeddable":true,"href":"https:\/\/lenanatravel.com\/es\/wp-json\/wp\/v2\/categories?post=551"},{"taxonomy":"post_tag","embeddable":true,"href":"https:\/\/lenanatravel.com\/es\/wp-json\/wp\/v2\/tags?post=551"}],"curies":[{"name":"wp","href":"https:\/\/api.w.org\/{rel}","templated":true}]}}