{"id":588,"date":"2025-07-17T08:27:42","date_gmt":"2025-07-17T08:27:42","guid":{"rendered":"https:\/\/lenanatravel.com\/?page_id=588"},"modified":"2026-01-12T17:41:45","modified_gmt":"2026-01-12T17:41:45","slug":"lake-maraya-national-park","status":"publish","type":"page","link":"https:\/\/lenanatravel.com\/es\/lake-maraya-national-park\/","title":{"rendered":"Lago Maraya Parque Nacional"},"content":{"rendered":"<div data-elementor-type=\"wp-page\" data-elementor-id=\"588\" class=\"elementor elementor-588\" data-elementor-post-type=\"page\">\n\t\t\t\t\t\t<section class=\"elementor-section elementor-top-section elementor-element elementor-element-e056b4f elementor-section-boxed elementor-section-height-default elementor-section-height-default\" data-id=\"e056b4f\" data-element_type=\"section\" data-e-type=\"section\" data-settings=\"{&quot;background_background&quot;:&quot;classic&quot;,&quot;ekit_has_onepagescroll_dot&quot;:&quot;yes&quot;}\">\n\t\t\t\t\t\t\t<div class=\"elementor-background-overlay\"><\/div>\n\t\t\t\t\t\t\t<div class=\"elementor-container elementor-column-gap-default\">\n\t\t\t\t\t<div class=\"elementor-column elementor-col-100 elementor-top-column elementor-element elementor-element-7c0209a\" data-id=\"7c0209a\" data-element_type=\"column\" data-e-type=\"column\">\n\t\t\t<div class=\"elementor-widget-wrap elementor-element-populated\">\n\t\t\t\t\t\t<div class=\"elementor-element elementor-element-3026d75 elementor-widget elementor-widget-theme-post-title elementor-page-title elementor-widget-heading\" data-id=\"3026d75\" data-element_type=\"widget\" data-e-type=\"widget\" data-settings=\"{&quot;ekit_we_effect_on&quot;:&quot;none&quot;}\" data-widget_type=\"theme-post-title.default\">\n\t\t\t\t\t<h1 class=\"elementor-heading-title elementor-size-default\">Lago Maraya Parque Nacional<\/h1>\t\t\t\t<\/div>\n\t\t\t\t\t<\/div>\n\t\t<\/div>\n\t\t\t\t\t<\/div>\n\t\t<\/section>\n\t\t\t\t<section class=\"elementor-section elementor-top-section elementor-element elementor-element-0f386f2 elementor-reverse-mobile elementor-section-boxed elementor-section-height-default elementor-section-height-default\" data-id=\"0f386f2\" data-element_type=\"section\" data-e-type=\"section\" data-settings=\"{&quot;background_background&quot;:&quot;classic&quot;,&quot;ekit_has_onepagescroll_dot&quot;:&quot;yes&quot;}\">\n\t\t\t\t\t\t\t<div class=\"elementor-background-overlay\"><\/div>\n\t\t\t\t\t\t\t<div class=\"elementor-container elementor-column-gap-default\">\n\t\t\t\t\t<div class=\"elementor-column elementor-col-100 elementor-top-column elementor-element elementor-element-7d28edb\" data-id=\"7d28edb\" data-element_type=\"column\" data-e-type=\"column\">\n\t\t\t<div class=\"elementor-widget-wrap elementor-element-populated\">\n\t\t\t\t\t\t<section class=\"elementor-section elementor-inner-section elementor-element elementor-element-68b2a03 elementor-section-content-middle elementor-reverse-mobile elementor-section-boxed elementor-section-height-default elementor-section-height-default\" data-id=\"68b2a03\" data-element_type=\"section\" data-e-type=\"section\" data-settings=\"{&quot;background_background&quot;:&quot;classic&quot;,&quot;ekit_has_onepagescroll_dot&quot;:&quot;yes&quot;}\">\n\t\t\t\t\t\t<div class=\"elementor-container elementor-column-gap-default\">\n\t\t\t\t\t<div class=\"elementor-column elementor-col-50 elementor-inner-column elementor-element elementor-element-ca4ce5b\" data-id=\"ca4ce5b\" data-element_type=\"column\" data-e-type=\"column\">\n\t\t\t<div class=\"elementor-widget-wrap elementor-element-populated\">\n\t\t\t\t\t\t<div class=\"elementor-element elementor-element-df42c0f elementor-invisible elementor-widget elementor-widget-image\" data-id=\"df42c0f\" data-element_type=\"widget\" data-e-type=\"widget\" data-settings=\"{&quot;_animation&quot;:&quot;fadeInUp&quot;,&quot;ekit_we_effect_on&quot;:&quot;none&quot;}\" data-widget_type=\"image.default\">\n\t\t\t\t\t\t\t\t\t\t\t\t\t\t\t<img fetchpriority=\"high\" decoding=\"async\" width=\"600\" height=\"700\" src=\"https:\/\/lenanatravel.com\/wp-content\/uploads\/2025\/09\/maraya.webp\" class=\"attachment-large size-large wp-image-2505\" alt=\"\" srcset=\"https:\/\/lenanatravel.com\/wp-content\/uploads\/2025\/09\/maraya.webp 600w, https:\/\/lenanatravel.com\/wp-content\/uploads\/2025\/09\/maraya-257x300.webp 257w\" sizes=\"(max-width: 600px) 100vw, 600px\" \/>\t\t\t\t\t\t\t\t\t\t\t\t\t\t\t<\/div>\n\t\t\t\t\t<\/div>\n\t\t<\/div>\n\t\t\t\t<div class=\"elementor-column elementor-col-50 elementor-inner-column elementor-element elementor-element-0b1cbc3\" data-id=\"0b1cbc3\" data-element_type=\"column\" data-e-type=\"column\">\n\t\t\t<div class=\"elementor-widget-wrap elementor-element-populated\">\n\t\t\t\t\t\t<div class=\"elementor-element elementor-element-9decb50 elementor-invisible elementor-widget elementor-widget-text-editor\" data-id=\"9decb50\" data-element_type=\"widget\" data-e-type=\"widget\" data-settings=\"{&quot;_animation&quot;:&quot;fadeInUp&quot;,&quot;_animation_delay&quot;:200,&quot;ekit_we_effect_on&quot;:&quot;none&quot;}\" data-widget_type=\"text-editor.default\">\n\t\t\t\t\t\t\t\t\t<p><b>Parque Nacional del Lago Manyara<\/b><span style=\"font-weight: 400;\"> tesoro paisaj\u00edstico del norte de Tanzania alberga un <\/span><b>sorprendente mezcla de paisajes, <\/b><span style=\"font-weight: 400;\">desde bosques de aguas subterr\u00e1neas y bosques de acacias hasta las resplandecientes orillas de su lago alcalino. M\u00e1s peque\u00f1o que otros parques, ofrece una<\/span><b> experiencia de safari \u00edntima, <\/b><span style=\"font-weight: 400;\">donde los visitantes pueden encontrar <\/span><b>grandes manadas de elefantes,<\/b><span style=\"font-weight: 400;\"> y el parque <\/span><b>famosos leones trepadores de \u00e1rboles.<\/b><span style=\"font-weight: 400;\"> Con <\/span><b>m\u00e1s de 400 especies de aves<\/b><span style=\"font-weight: 400;\">, entre ellos flamencos, pel\u00edcanos y cig\u00fce\u00f1as, <\/span><b>Lago Manyara <\/b><span style=\"font-weight: 400;\">es tambi\u00e9n un para\u00edso para los observadores de aves.<\/span><\/p><p data-start=\"659\" data-end=\"1063\">\u00a0<\/p><p><span style=\"font-weight: 400;\">M\u00e1s all\u00e1 de los safaris, <\/span><b>Lago Manyara <\/b><span style=\"font-weight: 400;\">ofrece oportunidades para <\/span><b>paseos guiados, pirag\u00fcismo (estacional) y visitas culturales a las comunidades cercanas.<\/b><span style=\"font-weight: 400;\"> Compacta y diversa, es una parada ideal en cualquier viaje de safari por el norte de Tanzania.<\/span><\/p>\t\t\t\t\t\t\t\t<\/div>\n\t\t\t\t\t<\/div>\n\t\t<\/div>\n\t\t\t\t\t<\/div>\n\t\t<\/section>\n\t\t\t\t\t<\/div>\n\t\t<\/div>\n\t\t\t\t\t<\/div>\n\t\t<\/section>\n\t\t\t\t<section class=\"elementor-section elementor-top-section elementor-element elementor-element-2391b62 elementor-section-boxed elementor-section-height-default elementor-section-height-default\" data-id=\"2391b62\" data-element_type=\"section\" data-e-type=\"section\" data-settings=\"{&quot;ekit_has_onepagescroll_dot&quot;:&quot;yes&quot;}\">\n\t\t\t\t\t\t<div class=\"elementor-container elementor-column-gap-default\">\n\t\t\t\t\t<div class=\"elementor-column elementor-col-100 elementor-top-column elementor-element elementor-element-782dbe3\" data-id=\"782dbe3\" data-element_type=\"column\" data-e-type=\"column\">\n\t\t\t<div class=\"elementor-widget-wrap elementor-element-populated\">\n\t\t\t\t\t\t<div class=\"elementor-element elementor-element-d41d571 elementor-widget elementor-widget-image\" data-id=\"d41d571\" data-element_type=\"widget\" data-e-type=\"widget\" data-settings=\"{&quot;ekit_we_effect_on&quot;:&quot;none&quot;}\" data-widget_type=\"image.default\">\n\t\t\t\t\t\t\t\t\t\t\t\t\t\t\t<img decoding=\"async\" width=\"2560\" height=\"40\" src=\"https:\/\/lenanatravel.com\/wp-content\/uploads\/2025\/10\/LandscapePatrn3200x50-scaled.webp\" class=\"attachment-full size-full wp-image-3504\" alt=\"\" srcset=\"https:\/\/lenanatravel.com\/wp-content\/uploads\/2025\/10\/LandscapePatrn3200x50-scaled.webp 2560w, https:\/\/lenanatravel.com\/wp-content\/uploads\/2025\/10\/LandscapePatrn3200x50-300x5.webp 300w, https:\/\/lenanatravel.com\/wp-content\/uploads\/2025\/10\/LandscapePatrn3200x50-1024x16.webp 1024w, https:\/\/lenanatravel.com\/wp-content\/uploads\/2025\/10\/LandscapePatrn3200x50-768x12.webp 768w, https:\/\/lenanatravel.com\/wp-content\/uploads\/2025\/10\/LandscapePatrn3200x50-1536x24.webp 1536w, https:\/\/lenanatravel.com\/wp-content\/uploads\/2025\/10\/LandscapePatrn3200x50-2048x32.webp 2048w\" sizes=\"(max-width: 2560px) 100vw, 2560px\" \/>\t\t\t\t\t\t\t\t\t\t\t\t\t\t\t<\/div>\n\t\t\t\t<div class=\"elementor-element elementor-element-9ae5606 elementor-arrows-position-inside elementor-pagination-position-outside elementor-widget elementor-widget-image-carousel\" data-id=\"9ae5606\" data-element_type=\"widget\" data-e-type=\"widget\" data-settings=\"{&quot;slides_to_show&quot;:&quot;3&quot;,&quot;navigation&quot;:&quot;both&quot;,&quot;autoplay&quot;:&quot;yes&quot;,&quot;pause_on_hover&quot;:&quot;yes&quot;,&quot;pause_on_interaction&quot;:&quot;yes&quot;,&quot;autoplay_speed&quot;:5000,&quot;infinite&quot;:&quot;yes&quot;,&quot;speed&quot;:500,&quot;ekit_we_effect_on&quot;:&quot;none&quot;}\" data-widget_type=\"image-carousel.default\">\n\t\t\t\t\t\t\t<div class=\"elementor-image-carousel-wrapper swiper\" role=\"region\" aria-roledescription=\"carousel\" aria-label=\"Imagen Del Carrusel\" dir=\"ltr\">\n\t\t\t<div class=\"elementor-image-carousel swiper-wrapper\" aria-live=\"off\">\n\t\t\t\t\t\t\t\t<div class=\"swiper-slide\" role=\"group\" aria-roledescription=\"slide\" aria-label=\"1 de 7\"><figure class=\"swiper-slide-inner\"><img decoding=\"async\" class=\"swiper-slide-image\" src=\"https:\/\/lenanatravel.com\/wp-content\/uploads\/elementor\/thumbs\/lake-maraya-4-scaled-rbvaplxcvz5b0lpxzhl3l9z771o8jtnohulpshe360.webp\" alt=\"lake maraya (4)\" \/><\/figure><\/div><div class=\"swiper-slide\" role=\"group\" aria-roledescription=\"slide\" aria-label=\"2 de 7\"><figure class=\"swiper-slide-inner\"><img decoding=\"async\" class=\"swiper-slide-image\" src=\"https:\/\/lenanatravel.com\/wp-content\/uploads\/elementor\/thumbs\/lake-maraya-2-scaled-rbvapanalypv5a6btcpkrcto2f7tzgewgarw15ut8o.webp\" alt=\"lake maraya (2)\" \/><\/figure><\/div><div class=\"swiper-slide\" role=\"group\" aria-roledescription=\"slide\" aria-label=\"3 de 7\"><figure class=\"swiper-slide-inner\"><img decoding=\"async\" class=\"swiper-slide-image\" src=\"https:\/\/lenanatravel.com\/wp-content\/uploads\/elementor\/thumbs\/lake-maraya-3-scaled-rbvapgabqyxl2xy4wf5c6befmqg19n1ah2oswtmg7c.webp\" alt=\"lake maraya (3)\" \/><\/figure><\/div><div class=\"swiper-slide\" role=\"group\" aria-roledescription=\"slide\" aria-label=\"4 de 7\"><figure class=\"swiper-slide-inner\"><img decoding=\"async\" class=\"swiper-slide-image\" src=\"https:\/\/lenanatravel.com\/wp-content\/uploads\/elementor\/thumbs\/lake-maraya-5-scaled-rbvapudwlhgvx3dnm38qppucjiijh3l9j0h33z1jm0.webp\" alt=\"lake maraya (5)\" \/><\/figure><\/div><div class=\"swiper-slide\" role=\"group\" aria-roledescription=\"slide\" aria-label=\"5 de 7\"><figure class=\"swiper-slide-inner\"><img decoding=\"async\" class=\"swiper-slide-image\" src=\"https:\/\/lenanatravel.com\/wp-content\/uploads\/elementor\/thumbs\/lake-maraya-6-scaled-rbvaq00xqholur5gp5oi4of43tqqra7njsdzzmt6ko.webp\" alt=\"lake maraya (6)\" \/><\/figure><\/div><div class=\"swiper-slide\" role=\"group\" aria-roledescription=\"slide\" aria-label=\"6 de 7\"><figure class=\"swiper-slide-inner\"><img decoding=\"async\" class=\"swiper-slide-image\" src=\"https:\/\/lenanatravel.com\/wp-content\/uploads\/elementor\/thumbs\/lake-maraya-7-scaled-rbvaq9fbmu1h2urt69qrtm1q1ogew98yx2wusef8ug.webp\" alt=\"lake maraya (7)\" \/><\/figure><\/div><div class=\"swiper-slide\" role=\"group\" aria-roledescription=\"slide\" aria-label=\"7 de 7\"><figure class=\"swiper-slide-inner\"><img decoding=\"async\" class=\"swiper-slide-image\" src=\"https:\/\/lenanatravel.com\/wp-content\/uploads\/elementor\/thumbs\/lake-maraya-1-scaled-rbvaqhvvccd1zcfisveey1wve5aptj6jy8s83w2pag.webp\" alt=\"lake maraya (1)\" \/><\/figure><\/div>\t\t\t<\/div>\n\t\t\t\t\t\t\t\t\t\t\t\t<div class=\"elementor-swiper-button elementor-swiper-button-prev\" role=\"button\" tabindex=\"0\">\n\t\t\t\t\t\t<svg aria-hidden=\"true\" class=\"e-font-icon-svg e-eicon-chevron-left\" viewbox=\"0 0 1000 1000\" xmlns=\"http:\/\/www.w3.org\/2000\/svg\"><path d=\"M646 125C629 125 613 133 604 142L308 442C296 454 292 471 292 487 292 504 296 521 308 533L604 854C617 867 629 875 646 875 663 875 679 871 692 858 704 846 713 829 713 812 713 796 708 779 692 767L438 487 692 225C700 217 708 204 708 187 708 171 704 154 692 142 675 129 663 125 646 125Z\"><\/path><\/svg>\t\t\t\t\t<\/div>\n\t\t\t\t\t<div class=\"elementor-swiper-button elementor-swiper-button-next\" role=\"button\" tabindex=\"0\">\n\t\t\t\t\t\t<svg aria-hidden=\"true\" class=\"e-font-icon-svg e-eicon-chevron-right\" viewbox=\"0 0 1000 1000\" xmlns=\"http:\/\/www.w3.org\/2000\/svg\"><path d=\"M696 533C708 521 713 504 713 487 713 471 708 454 696 446L400 146C388 133 375 125 354 125 338 125 325 129 313 142 300 154 292 171 292 187 292 204 296 221 308 233L563 492 304 771C292 783 288 800 288 817 288 833 296 850 308 863 321 871 338 875 354 875 371 875 388 867 400 854L696 533Z\"><\/path><\/svg>\t\t\t\t\t<\/div>\n\t\t\t\t\n\t\t\t\t\t\t\t\t\t<div class=\"swiper-pagination\"><\/div>\n\t\t\t\t\t\t\t\t\t<\/div>\n\t\t\t\t\t\t<\/div>\n\t\t\t\t\t<\/div>\n\t\t<\/div>\n\t\t\t\t\t<\/div>\n\t\t<\/section>\n\t\t\t\t<\/div>","protected":false},"excerpt":{"rendered":"<p>Lake Manyara National Park a scenic treasure in northern Tanzania holds a striking mix of landscapes, from groundwater forests and acacia woodlands to the shimmering shores of its alkaline lake. Smaller than other parks, it offers an intimate safari experience, where visitors can encounter large elephant herds, and the park\u2019s famous tree-climbing lions. With over [&hellip;]<\/p>\n","protected":false},"author":1,"featured_media":2505,"parent":0,"menu_order":0,"comment_status":"closed","ping_status":"closed","template":"elementor_header_footer","meta":{"footnotes":""},"categories":[56],"tags":[],"class_list":["post-588","page","type-page","status-publish","has-post-thumbnail","hentry","category-parks"],"_links":{"self":[{"href":"https:\/\/lenanatravel.com\/es\/wp-json\/wp\/v2\/pages\/588","targetHints":{"allow":["GET"]}}],"collection":[{"href":"https:\/\/lenanatravel.com\/es\/wp-json\/wp\/v2\/pages"}],"about":[{"href":"https:\/\/lenanatravel.com\/es\/wp-json\/wp\/v2\/types\/page"}],"author":[{"embeddable":true,"href":"https:\/\/lenanatravel.com\/es\/wp-json\/wp\/v2\/users\/1"}],"replies":[{"embeddable":true,"href":"https:\/\/lenanatravel.com\/es\/wp-json\/wp\/v2\/comments?post=588"}],"version-history":[{"count":37,"href":"https:\/\/lenanatravel.com\/es\/wp-json\/wp\/v2\/pages\/588\/revisions"}],"predecessor-version":[{"id":4056,"href":"https:\/\/lenanatravel.com\/es\/wp-json\/wp\/v2\/pages\/588\/revisions\/4056"}],"wp:featuredmedia":[{"embeddable":true,"href":"https:\/\/lenanatravel.com\/es\/wp-json\/wp\/v2\/media\/2505"}],"wp:attachment":[{"href":"https:\/\/lenanatravel.com\/es\/wp-json\/wp\/v2\/media?parent=588"}],"wp:term":[{"taxonomy":"category","embeddable":true,"href":"https:\/\/lenanatravel.com\/es\/wp-json\/wp\/v2\/categories?post=588"},{"taxonomy":"post_tag","embeddable":true,"href":"https:\/\/lenanatravel.com\/es\/wp-json\/wp\/v2\/tags?post=588"}],"curies":[{"name":"wp","href":"https:\/\/api.w.org\/{rel}","templated":true}]}}